{"id":1880,"date":"2023-09-14T12:40:15","date_gmt":"2023-09-14T12:40:15","guid":{"rendered":"https:\/\/www.palazzodellepietre.com\/?page_id=1880"},"modified":"2026-04-10T10:35:05","modified_gmt":"2026-04-10T10:35:05","slug":"lugar","status":"publish","type":"page","link":"https:\/\/www.palazzodellepietre.com\/es\/lugar\/","title":{"rendered":"Lugar"},"content":{"rendered":"","protected":false},"excerpt":{"rendered":"","protected":false},"author":252,"featured_media":0,"parent":0,"menu_order":50,"comment_status":"closed","ping_status":"closed","template":"template-location.php","meta":{"footnotes":""},"class_list":["post-1880","page","type-page","status-publish","hentry"],"yoast_head":"<!-- This site is optimized with the Yoast SEO plugin v26.9 - https:\/\/yoast.com\/product\/yoast-seo-wordpress\/ -->\n<title>Lugar - palazzo delle pietre -<\/title>\n<meta name=\"description\" content=\"Ubicado entre los elegantes edificios se\u00f1oriales del centro hist\u00f3rico, el Palazzo delle Pietre vive de un raro encanto atemporal que entrelaza los fastos del pasado con el presente. A pocos pasos de algunos de los sitios m\u00e1s famosos de la ciudad, como el majestuoso Pante\u00f3n y la iglesia de San Luis de los Franceses, que alberga las grandes pinturas de Caravaggio, esta casa revela a sus hu\u00e9spedes la Roma m\u00e1s aut\u00e9ntica, la vibrante atm\u00f3sfera enriquecida por las rom\u00e1nticas sugerencias de la famosa Dolce Vita italiana. La Via delle Coppelle, ya en \u00e9poca imperial importante centro del centro de la Capital, tambi\u00e9n cuenta con una incre\u00edble proximidad a la Piazza Navona, punto de partida ideal para un recorrido por la Urbe\" \/>\n<meta name=\"robots\" content=\"index, follow, max-snippet:-1, max-image-preview:large, max-video-preview:-1\" \/>\n<link rel=\"canonical\" href=\"https:\/\/www.palazzodellepietre.com\/es\/lugar\/\" \/>\n<meta property=\"og:locale\" content=\"es_ES\" \/>\n<meta property=\"og:type\" content=\"article\" \/>\n<meta property=\"og:title\" content=\"Lugar - palazzo delle pietre -\" \/>\n<meta property=\"og:description\" content=\"Ubicado entre los elegantes edificios se\u00f1oriales del centro hist\u00f3rico, el Palazzo delle Pietre vive de un raro encanto atemporal que entrelaza los fastos del pasado con el presente. A pocos pasos de algunos de los sitios m\u00e1s famosos de la ciudad, como el majestuoso Pante\u00f3n y la iglesia de San Luis de los Franceses, que alberga las grandes pinturas de Caravaggio, esta casa revela a sus hu\u00e9spedes la Roma m\u00e1s aut\u00e9ntica, la vibrante atm\u00f3sfera enriquecida por las rom\u00e1nticas sugerencias de la famosa Dolce Vita italiana. La Via delle Coppelle, ya en \u00e9poca imperial importante centro del centro de la Capital, tambi\u00e9n cuenta con una incre\u00edble proximidad a la Piazza Navona, punto de partida ideal para un recorrido por la Urbe\" \/>\n<meta property=\"og:url\" content=\"https:\/\/www.palazzodellepietre.com\/es\/lugar\/\" \/>\n<meta property=\"og:site_name\" content=\"palazzo delle pietre\" \/>\n<meta property=\"article:modified_time\" content=\"2026-04-10T10:35:05+00:00\" \/>\n<meta name=\"twitter:card\" content=\"summary_large_image\" \/>\n<script type=\"application\/ld+json\" class=\"yoast-schema-graph\">{\"@context\":\"https:\/\/schema.org\",\"@graph\":[{\"@type\":\"WebPage\",\"@id\":\"https:\/\/www.palazzodellepietre.com\/es\/lugar\/\",\"url\":\"https:\/\/www.palazzodellepietre.com\/es\/lugar\/\",\"name\":\"Lugar - palazzo delle pietre -\",\"isPartOf\":{\"@id\":\"https:\/\/www.palazzodellepietre.com\/es\/#website\"},\"datePublished\":\"2023-09-14T12:40:15+00:00\",\"dateModified\":\"2026-04-10T10:35:05+00:00\",\"description\":\"Ubicado entre los elegantes edificios se\u00f1oriales del centro hist\u00f3rico, el Palazzo delle Pietre vive de un raro encanto atemporal que entrelaza los fastos del pasado con el presente. A pocos pasos de algunos de los sitios m\u00e1s famosos de la ciudad, como el majestuoso Pante\u00f3n y la iglesia de San Luis de los Franceses, que alberga las grandes pinturas de Caravaggio, esta casa revela a sus hu\u00e9spedes la Roma m\u00e1s aut\u00e9ntica, la vibrante atm\u00f3sfera enriquecida por las rom\u00e1nticas sugerencias de la famosa Dolce Vita italiana. La Via delle Coppelle, ya en \u00e9poca imperial importante centro del centro de la Capital, tambi\u00e9n cuenta con una incre\u00edble proximidad a la Piazza Navona, punto de partida ideal para un recorrido por la Urbe\",\"breadcrumb\":{\"@id\":\"https:\/\/www.palazzodellepietre.com\/es\/lugar\/#breadcrumb\"},\"inLanguage\":\"es\",\"potentialAction\":[{\"@type\":\"ReadAction\",\"target\":[\"https:\/\/www.palazzodellepietre.com\/es\/lugar\/\"]}]},{\"@type\":\"BreadcrumbList\",\"@id\":\"https:\/\/www.palazzodellepietre.com\/es\/lugar\/#breadcrumb\",\"itemListElement\":[{\"@type\":\"ListItem\",\"position\":1,\"name\":\"Portada\",\"item\":\"https:\/\/www.palazzodellepietre.com\/es\/\"},{\"@type\":\"ListItem\",\"position\":2,\"name\":\"Lugar\"}]},{\"@type\":\"WebSite\",\"@id\":\"https:\/\/www.palazzodellepietre.com\/es\/#website\",\"url\":\"https:\/\/www.palazzodellepietre.com\/es\/\",\"name\":\"palazzo delle pietre\",\"description\":\"Just another ms.decms.eu site\",\"potentialAction\":[{\"@type\":\"SearchAction\",\"target\":{\"@type\":\"EntryPoint\",\"urlTemplate\":\"https:\/\/www.palazzodellepietre.com\/es\/?s={search_term_string}\"},\"query-input\":{\"@type\":\"PropertyValueSpecification\",\"valueRequired\":true,\"valueName\":\"search_term_string\"}}],\"inLanguage\":\"es\"}]}<\/script>\n<!-- \/ Yoast SEO plugin. -->","yoast_head_json":{"title":"Lugar - palazzo delle pietre -","description":"Ubicado entre los elegantes edificios se\u00f1oriales del centro hist\u00f3rico, el Palazzo delle Pietre vive de un raro encanto atemporal que entrelaza los fastos del pasado con el presente. A pocos pasos de algunos de los sitios m\u00e1s famosos de la ciudad, como el majestuoso Pante\u00f3n y la iglesia de San Luis de los Franceses, que alberga las grandes pinturas de Caravaggio, esta casa revela a sus hu\u00e9spedes la Roma m\u00e1s aut\u00e9ntica, la vibrante atm\u00f3sfera enriquecida por las rom\u00e1nticas sugerencias de la famosa Dolce Vita italiana. La Via delle Coppelle, ya en \u00e9poca imperial importante centro del centro de la Capital, tambi\u00e9n cuenta con una incre\u00edble proximidad a la Piazza Navona, punto de partida ideal para un recorrido por la Urbe","robots":{"index":"index","follow":"follow","max-snippet":"max-snippet:-1","max-image-preview":"max-image-preview:large","max-video-preview":"max-video-preview:-1"},"canonical":"https:\/\/www.palazzodellepietre.com\/es\/lugar\/","og_locale":"es_ES","og_type":"article","og_title":"Lugar - palazzo delle pietre -","og_description":"Ubicado entre los elegantes edificios se\u00f1oriales del centro hist\u00f3rico, el Palazzo delle Pietre vive de un raro encanto atemporal que entrelaza los fastos del pasado con el presente. A pocos pasos de algunos de los sitios m\u00e1s famosos de la ciudad, como el majestuoso Pante\u00f3n y la iglesia de San Luis de los Franceses, que alberga las grandes pinturas de Caravaggio, esta casa revela a sus hu\u00e9spedes la Roma m\u00e1s aut\u00e9ntica, la vibrante atm\u00f3sfera enriquecida por las rom\u00e1nticas sugerencias de la famosa Dolce Vita italiana. La Via delle Coppelle, ya en \u00e9poca imperial importante centro del centro de la Capital, tambi\u00e9n cuenta con una incre\u00edble proximidad a la Piazza Navona, punto de partida ideal para un recorrido por la Urbe","og_url":"https:\/\/www.palazzodellepietre.com\/es\/lugar\/","og_site_name":"palazzo delle pietre","article_modified_time":"2026-04-10T10:35:05+00:00","twitter_card":"summary_large_image","schema":{"@context":"https:\/\/schema.org","@graph":[{"@type":"WebPage","@id":"https:\/\/www.palazzodellepietre.com\/es\/lugar\/","url":"https:\/\/www.palazzodellepietre.com\/es\/lugar\/","name":"Lugar - palazzo delle pietre -","isPartOf":{"@id":"https:\/\/www.palazzodellepietre.com\/es\/#website"},"datePublished":"2023-09-14T12:40:15+00:00","dateModified":"2026-04-10T10:35:05+00:00","description":"Ubicado entre los elegantes edificios se\u00f1oriales del centro hist\u00f3rico, el Palazzo delle Pietre vive de un raro encanto atemporal que entrelaza los fastos del pasado con el presente. A pocos pasos de algunos de los sitios m\u00e1s famosos de la ciudad, como el majestuoso Pante\u00f3n y la iglesia de San Luis de los Franceses, que alberga las grandes pinturas de Caravaggio, esta casa revela a sus hu\u00e9spedes la Roma m\u00e1s aut\u00e9ntica, la vibrante atm\u00f3sfera enriquecida por las rom\u00e1nticas sugerencias de la famosa Dolce Vita italiana. La Via delle Coppelle, ya en \u00e9poca imperial importante centro del centro de la Capital, tambi\u00e9n cuenta con una incre\u00edble proximidad a la Piazza Navona, punto de partida ideal para un recorrido por la Urbe","breadcrumb":{"@id":"https:\/\/www.palazzodellepietre.com\/es\/lugar\/#breadcrumb"},"inLanguage":"es","potentialAction":[{"@type":"ReadAction","target":["https:\/\/www.palazzodellepietre.com\/es\/lugar\/"]}]},{"@type":"BreadcrumbList","@id":"https:\/\/www.palazzodellepietre.com\/es\/lugar\/#breadcrumb","itemListElement":[{"@type":"ListItem","position":1,"name":"Portada","item":"https:\/\/www.palazzodellepietre.com\/es\/"},{"@type":"ListItem","position":2,"name":"Lugar"}]},{"@type":"WebSite","@id":"https:\/\/www.palazzodellepietre.com\/es\/#website","url":"https:\/\/www.palazzodellepietre.com\/es\/","name":"palazzo delle pietre","description":"Just another ms.decms.eu site","potentialAction":[{"@type":"SearchAction","target":{"@type":"EntryPoint","urlTemplate":"https:\/\/www.palazzodellepietre.com\/es\/?s={search_term_string}"},"query-input":{"@type":"PropertyValueSpecification","valueRequired":true,"valueName":"search_term_string"}}],"inLanguage":"es"}]}},"acf":[],"_links":{"self":[{"href":"https:\/\/www.palazzodellepietre.com\/es\/wp-json\/wp\/v2\/pages\/1880","targetHints":{"allow":["GET"]}}],"collection":[{"href":"https:\/\/www.palazzodellepietre.com\/es\/wp-json\/wp\/v2\/pages"}],"about":[{"href":"https:\/\/www.palazzodellepietre.com\/es\/wp-json\/wp\/v2\/types\/page"}],"author":[{"embeddable":true,"href":"https:\/\/www.palazzodellepietre.com\/es\/wp-json\/wp\/v2\/users\/252"}],"replies":[{"embeddable":true,"href":"https:\/\/www.palazzodellepietre.com\/es\/wp-json\/wp\/v2\/comments?post=1880"}],"version-history":[{"count":0,"href":"https:\/\/www.palazzodellepietre.com\/es\/wp-json\/wp\/v2\/pages\/1880\/revisions"}],"wp:attachment":[{"href":"https:\/\/www.palazzodellepietre.com\/es\/wp-json\/wp\/v2\/media?parent=1880"}],"curies":[{"name":"wp","href":"https:\/\/api.w.org\/{rel}","templated":true}]}}