{"id":1882,"date":"2023-09-14T12:47:57","date_gmt":"2023-09-14T12:47:57","guid":{"rendered":"https:\/\/www.palazzodellepietre.com\/?page_id=1882"},"modified":"2023-09-14T12:49:20","modified_gmt":"2023-09-14T12:49:20","slug":"alrededores","status":"publish","type":"page","link":"https:\/\/www.palazzodellepietre.com\/es\/lugar\/alrededores\/","title":{"rendered":"Alrededores"},"content":{"rendered":"","protected":false},"excerpt":{"rendered":"","protected":false},"author":252,"featured_media":0,"parent":1880,"menu_order":10,"comment_status":"closed","ping_status":"closed","template":"template-surroundings.php","meta":{"footnotes":""},"class_list":["post-1882","page","type-page","status-publish","hentry"],"yoast_head":"<!-- This site is optimized with the Yoast SEO plugin v26.9 - https:\/\/yoast.com\/product\/yoast-seo-wordpress\/ -->\n<title>Alrededores - palazzo delle pietre -<\/title>\n<meta name=\"description\" content=\"Ubicado en el coraz\u00f3n neur\u00e1lgico de la Ciudad Eterna, donde los elegantes edificios se\u00f1oriales se entrelazan con la esencia m\u00e1s pura de la historia romana, Palazzo delle Pietre goza de una posici\u00f3n estrat\u00e9gica para descubrir los famosos lugares y monumentos de Roma. A pocos pasos de la Via delle Coppelle se abre, de hecho, la Piazza della Rotonda, donde se encuentra majestuoso uno de los s\u00edmbolos de la ciudad, el Pante\u00f3n que con su arquitectura dominante hunde sus ra\u00edces en la historia\" \/>\n<meta name=\"robots\" content=\"index, follow, max-snippet:-1, max-image-preview:large, max-video-preview:-1\" \/>\n<link rel=\"canonical\" href=\"https:\/\/www.palazzodellepietre.com\/es\/lugar\/alrededores\/\" \/>\n<meta property=\"og:locale\" content=\"es_ES\" \/>\n<meta property=\"og:type\" content=\"article\" \/>\n<meta property=\"og:title\" content=\"Alrededores - palazzo delle pietre -\" \/>\n<meta property=\"og:description\" content=\"Ubicado en el coraz\u00f3n neur\u00e1lgico de la Ciudad Eterna, donde los elegantes edificios se\u00f1oriales se entrelazan con la esencia m\u00e1s pura de la historia romana, Palazzo delle Pietre goza de una posici\u00f3n estrat\u00e9gica para descubrir los famosos lugares y monumentos de Roma. A pocos pasos de la Via delle Coppelle se abre, de hecho, la Piazza della Rotonda, donde se encuentra majestuoso uno de los s\u00edmbolos de la ciudad, el Pante\u00f3n que con su arquitectura dominante hunde sus ra\u00edces en la historia\" \/>\n<meta property=\"og:url\" content=\"https:\/\/www.palazzodellepietre.com\/es\/lugar\/alrededores\/\" \/>\n<meta property=\"og:site_name\" content=\"palazzo delle pietre\" \/>\n<meta property=\"article:modified_time\" content=\"2023-09-14T12:49:20+00:00\" \/>\n<meta name=\"twitter:card\" content=\"summary_large_image\" \/>\n<script type=\"application\/ld+json\" class=\"yoast-schema-graph\">{\"@context\":\"https:\/\/schema.org\",\"@graph\":[{\"@type\":\"WebPage\",\"@id\":\"https:\/\/www.palazzodellepietre.com\/es\/lugar\/alrededores\/\",\"url\":\"https:\/\/www.palazzodellepietre.com\/es\/lugar\/alrededores\/\",\"name\":\"Alrededores - palazzo delle pietre -\",\"isPartOf\":{\"@id\":\"https:\/\/www.palazzodellepietre.com\/es\/#website\"},\"datePublished\":\"2023-09-14T12:47:57+00:00\",\"dateModified\":\"2023-09-14T12:49:20+00:00\",\"description\":\"Ubicado en el coraz\u00f3n neur\u00e1lgico de la Ciudad Eterna, donde los elegantes edificios se\u00f1oriales se entrelazan con la esencia m\u00e1s pura de la historia romana, Palazzo delle Pietre goza de una posici\u00f3n estrat\u00e9gica para descubrir los famosos lugares y monumentos de Roma. A pocos pasos de la Via delle Coppelle se abre, de hecho, la Piazza della Rotonda, donde se encuentra majestuoso uno de los s\u00edmbolos de la ciudad, el Pante\u00f3n que con su arquitectura dominante hunde sus ra\u00edces en la historia\",\"breadcrumb\":{\"@id\":\"https:\/\/www.palazzodellepietre.com\/es\/lugar\/alrededores\/#breadcrumb\"},\"inLanguage\":\"es\",\"potentialAction\":[{\"@type\":\"ReadAction\",\"target\":[\"https:\/\/www.palazzodellepietre.com\/es\/lugar\/alrededores\/\"]}]},{\"@type\":\"BreadcrumbList\",\"@id\":\"https:\/\/www.palazzodellepietre.com\/es\/lugar\/alrededores\/#breadcrumb\",\"itemListElement\":[{\"@type\":\"ListItem\",\"position\":1,\"name\":\"Portada\",\"item\":\"https:\/\/www.palazzodellepietre.com\/es\/\"},{\"@type\":\"ListItem\",\"position\":2,\"name\":\"Lugar\",\"item\":\"https:\/\/www.palazzodellepietre.com\/es\/lugar\/\"},{\"@type\":\"ListItem\",\"position\":3,\"name\":\"Alrededores\"}]},{\"@type\":\"WebSite\",\"@id\":\"https:\/\/www.palazzodellepietre.com\/es\/#website\",\"url\":\"https:\/\/www.palazzodellepietre.com\/es\/\",\"name\":\"palazzo delle pietre\",\"description\":\"Just another ms.decms.eu site\",\"potentialAction\":[{\"@type\":\"SearchAction\",\"target\":{\"@type\":\"EntryPoint\",\"urlTemplate\":\"https:\/\/www.palazzodellepietre.com\/es\/?s={search_term_string}\"},\"query-input\":{\"@type\":\"PropertyValueSpecification\",\"valueRequired\":true,\"valueName\":\"search_term_string\"}}],\"inLanguage\":\"es\"}]}<\/script>\n<!-- \/ Yoast SEO plugin. -->","yoast_head_json":{"title":"Alrededores - palazzo delle pietre -","description":"Ubicado en el coraz\u00f3n neur\u00e1lgico de la Ciudad Eterna, donde los elegantes edificios se\u00f1oriales se entrelazan con la esencia m\u00e1s pura de la historia romana, Palazzo delle Pietre goza de una posici\u00f3n estrat\u00e9gica para descubrir los famosos lugares y monumentos de Roma. A pocos pasos de la Via delle Coppelle se abre, de hecho, la Piazza della Rotonda, donde se encuentra majestuoso uno de los s\u00edmbolos de la ciudad, el Pante\u00f3n que con su arquitectura dominante hunde sus ra\u00edces en la historia","robots":{"index":"index","follow":"follow","max-snippet":"max-snippet:-1","max-image-preview":"max-image-preview:large","max-video-preview":"max-video-preview:-1"},"canonical":"https:\/\/www.palazzodellepietre.com\/es\/lugar\/alrededores\/","og_locale":"es_ES","og_type":"article","og_title":"Alrededores - palazzo delle pietre -","og_description":"Ubicado en el coraz\u00f3n neur\u00e1lgico de la Ciudad Eterna, donde los elegantes edificios se\u00f1oriales se entrelazan con la esencia m\u00e1s pura de la historia romana, Palazzo delle Pietre goza de una posici\u00f3n estrat\u00e9gica para descubrir los famosos lugares y monumentos de Roma. A pocos pasos de la Via delle Coppelle se abre, de hecho, la Piazza della Rotonda, donde se encuentra majestuoso uno de los s\u00edmbolos de la ciudad, el Pante\u00f3n que con su arquitectura dominante hunde sus ra\u00edces en la historia","og_url":"https:\/\/www.palazzodellepietre.com\/es\/lugar\/alrededores\/","og_site_name":"palazzo delle pietre","article_modified_time":"2023-09-14T12:49:20+00:00","twitter_card":"summary_large_image","schema":{"@context":"https:\/\/schema.org","@graph":[{"@type":"WebPage","@id":"https:\/\/www.palazzodellepietre.com\/es\/lugar\/alrededores\/","url":"https:\/\/www.palazzodellepietre.com\/es\/lugar\/alrededores\/","name":"Alrededores - palazzo delle pietre -","isPartOf":{"@id":"https:\/\/www.palazzodellepietre.com\/es\/#website"},"datePublished":"2023-09-14T12:47:57+00:00","dateModified":"2023-09-14T12:49:20+00:00","description":"Ubicado en el coraz\u00f3n neur\u00e1lgico de la Ciudad Eterna, donde los elegantes edificios se\u00f1oriales se entrelazan con la esencia m\u00e1s pura de la historia romana, Palazzo delle Pietre goza de una posici\u00f3n estrat\u00e9gica para descubrir los famosos lugares y monumentos de Roma. A pocos pasos de la Via delle Coppelle se abre, de hecho, la Piazza della Rotonda, donde se encuentra majestuoso uno de los s\u00edmbolos de la ciudad, el Pante\u00f3n que con su arquitectura dominante hunde sus ra\u00edces en la historia","breadcrumb":{"@id":"https:\/\/www.palazzodellepietre.com\/es\/lugar\/alrededores\/#breadcrumb"},"inLanguage":"es","potentialAction":[{"@type":"ReadAction","target":["https:\/\/www.palazzodellepietre.com\/es\/lugar\/alrededores\/"]}]},{"@type":"BreadcrumbList","@id":"https:\/\/www.palazzodellepietre.com\/es\/lugar\/alrededores\/#breadcrumb","itemListElement":[{"@type":"ListItem","position":1,"name":"Portada","item":"https:\/\/www.palazzodellepietre.com\/es\/"},{"@type":"ListItem","position":2,"name":"Lugar","item":"https:\/\/www.palazzodellepietre.com\/es\/lugar\/"},{"@type":"ListItem","position":3,"name":"Alrededores"}]},{"@type":"WebSite","@id":"https:\/\/www.palazzodellepietre.com\/es\/#website","url":"https:\/\/www.palazzodellepietre.com\/es\/","name":"palazzo delle pietre","description":"Just another ms.decms.eu site","potentialAction":[{"@type":"SearchAction","target":{"@type":"EntryPoint","urlTemplate":"https:\/\/www.palazzodellepietre.com\/es\/?s={search_term_string}"},"query-input":{"@type":"PropertyValueSpecification","valueRequired":true,"valueName":"search_term_string"}}],"inLanguage":"es"}]}},"acf":[],"_links":{"self":[{"href":"https:\/\/www.palazzodellepietre.com\/es\/wp-json\/wp\/v2\/pages\/1882","targetHints":{"allow":["GET"]}}],"collection":[{"href":"https:\/\/www.palazzodellepietre.com\/es\/wp-json\/wp\/v2\/pages"}],"about":[{"href":"https:\/\/www.palazzodellepietre.com\/es\/wp-json\/wp\/v2\/types\/page"}],"author":[{"embeddable":true,"href":"https:\/\/www.palazzodellepietre.com\/es\/wp-json\/wp\/v2\/users\/252"}],"replies":[{"embeddable":true,"href":"https:\/\/www.palazzodellepietre.com\/es\/wp-json\/wp\/v2\/comments?post=1882"}],"version-history":[{"count":0,"href":"https:\/\/www.palazzodellepietre.com\/es\/wp-json\/wp\/v2\/pages\/1882\/revisions"}],"up":[{"embeddable":true,"href":"https:\/\/www.palazzodellepietre.com\/es\/wp-json\/wp\/v2\/pages\/1880"}],"wp:attachment":[{"href":"https:\/\/www.palazzodellepietre.com\/es\/wp-json\/wp\/v2\/media?parent=1882"}],"curies":[{"name":"wp","href":"https:\/\/api.w.org\/{rel}","templated":true}]}}