{"id":1888,"date":"2023-09-14T13:11:25","date_gmt":"2023-09-14T13:11:25","guid":{"rendered":"https:\/\/www.palazzodellepietre.com\/?page_id=1888"},"modified":"2025-10-16T12:42:03","modified_gmt":"2025-10-16T12:42:03","slug":"la-corte-roof-terrace","status":"publish","type":"page","link":"https:\/\/www.palazzodellepietre.com\/es\/apartamentos\/la-corte-roof-terrace\/","title":{"rendered":"La Corte Rooftop Terrace"},"content":{"rendered":"","protected":false},"excerpt":{"rendered":"","protected":false},"author":252,"featured_media":0,"parent":1864,"menu_order":57,"comment_status":"closed","ping_status":"closed","template":"template-single-room.php","meta":{"footnotes":""},"class_list":["post-1888","page","type-page","status-publish","hentry"],"yoast_head":"<!-- This site is optimized with the Yoast SEO plugin v26.9 - https:\/\/yoast.com\/product\/yoast-seo-wordpress\/ -->\n<title>La Corte Rooftop Terrace - palazzo delle pietre -<\/title>\n<meta name=\"description\" content=\"El segundo apartamento se desarrolla en dos niveles en el \u00e1tico, tiene una superficie de 120 metros cuadrados (1300 SF) y tiene capacidad para 6 personas. Consta de tres dormitorios dobles, uno con sof\u00e1 cama, convertible en estudio, y tres ba\u00f1os; a trav\u00e9s de una c\u00f3moda escalera de madera y acero dise\u00f1ada por el arquitecto Pappalardo, se accede al hammam privado y a la amplia sala de estar, con cocina totalmente equipada y la gran terraza panor\u00e1mica.\" \/>\n<meta name=\"robots\" content=\"index, follow, max-snippet:-1, max-image-preview:large, max-video-preview:-1\" \/>\n<link rel=\"canonical\" href=\"https:\/\/www.palazzodellepietre.com\/es\/apartamentos\/la-corte-roof-terrace\/\" \/>\n<meta property=\"og:locale\" content=\"es_ES\" \/>\n<meta property=\"og:type\" content=\"article\" \/>\n<meta property=\"og:title\" content=\"La Corte Rooftop Terrace - palazzo delle pietre -\" \/>\n<meta property=\"og:description\" content=\"El segundo apartamento se desarrolla en dos niveles en el \u00e1tico, tiene una superficie de 120 metros cuadrados (1300 SF) y tiene capacidad para 6 personas. Consta de tres dormitorios dobles, uno con sof\u00e1 cama, convertible en estudio, y tres ba\u00f1os; a trav\u00e9s de una c\u00f3moda escalera de madera y acero dise\u00f1ada por el arquitecto Pappalardo, se accede al hammam privado y a la amplia sala de estar, con cocina totalmente equipada y la gran terraza panor\u00e1mica.\" \/>\n<meta property=\"og:url\" content=\"https:\/\/www.palazzodellepietre.com\/es\/apartamentos\/la-corte-roof-terrace\/\" \/>\n<meta property=\"og:site_name\" content=\"palazzo delle pietre\" \/>\n<meta property=\"article:modified_time\" content=\"2025-10-16T12:42:03+00:00\" \/>\n<meta name=\"twitter:card\" content=\"summary_large_image\" \/>\n<script type=\"application\/ld+json\" class=\"yoast-schema-graph\">{\"@context\":\"https:\/\/schema.org\",\"@graph\":[{\"@type\":\"WebPage\",\"@id\":\"https:\/\/www.palazzodellepietre.com\/es\/apartamentos\/la-corte-roof-terrace\/\",\"url\":\"https:\/\/www.palazzodellepietre.com\/es\/apartamentos\/la-corte-roof-terrace\/\",\"name\":\"La Corte Rooftop Terrace - palazzo delle pietre -\",\"isPartOf\":{\"@id\":\"https:\/\/www.palazzodellepietre.com\/es\/#website\"},\"datePublished\":\"2023-09-14T13:11:25+00:00\",\"dateModified\":\"2025-10-16T12:42:03+00:00\",\"description\":\"El segundo apartamento se desarrolla en dos niveles en el \u00e1tico, tiene una superficie de 120 metros cuadrados (1300 SF) y tiene capacidad para 6 personas. Consta de tres dormitorios dobles, uno con sof\u00e1 cama, convertible en estudio, y tres ba\u00f1os; a trav\u00e9s de una c\u00f3moda escalera de madera y acero dise\u00f1ada por el arquitecto Pappalardo, se accede al hammam privado y a la amplia sala de estar, con cocina totalmente equipada y la gran terraza panor\u00e1mica.\",\"breadcrumb\":{\"@id\":\"https:\/\/www.palazzodellepietre.com\/es\/apartamentos\/la-corte-roof-terrace\/#breadcrumb\"},\"inLanguage\":\"es\",\"potentialAction\":[{\"@type\":\"ReadAction\",\"target\":[\"https:\/\/www.palazzodellepietre.com\/es\/apartamentos\/la-corte-roof-terrace\/\"]}]},{\"@type\":\"BreadcrumbList\",\"@id\":\"https:\/\/www.palazzodellepietre.com\/es\/apartamentos\/la-corte-roof-terrace\/#breadcrumb\",\"itemListElement\":[{\"@type\":\"ListItem\",\"position\":1,\"name\":\"Portada\",\"item\":\"https:\/\/www.palazzodellepietre.com\/es\/\"},{\"@type\":\"ListItem\",\"position\":2,\"name\":\"Apartamentos\",\"item\":\"https:\/\/www.palazzodellepietre.com\/es\/apartamentos\/\"},{\"@type\":\"ListItem\",\"position\":3,\"name\":\"La Corte Rooftop Terrace\"}]},{\"@type\":\"WebSite\",\"@id\":\"https:\/\/www.palazzodellepietre.com\/es\/#website\",\"url\":\"https:\/\/www.palazzodellepietre.com\/es\/\",\"name\":\"palazzo delle pietre\",\"description\":\"Just another ms.decms.eu site\",\"potentialAction\":[{\"@type\":\"SearchAction\",\"target\":{\"@type\":\"EntryPoint\",\"urlTemplate\":\"https:\/\/www.palazzodellepietre.com\/es\/?s={search_term_string}\"},\"query-input\":{\"@type\":\"PropertyValueSpecification\",\"valueRequired\":true,\"valueName\":\"search_term_string\"}}],\"inLanguage\":\"es\"}]}<\/script>\n<!-- \/ Yoast SEO plugin. -->","yoast_head_json":{"title":"La Corte Rooftop Terrace - palazzo delle pietre -","description":"El segundo apartamento se desarrolla en dos niveles en el \u00e1tico, tiene una superficie de 120 metros cuadrados (1300 SF) y tiene capacidad para 6 personas. Consta de tres dormitorios dobles, uno con sof\u00e1 cama, convertible en estudio, y tres ba\u00f1os; a trav\u00e9s de una c\u00f3moda escalera de madera y acero dise\u00f1ada por el arquitecto Pappalardo, se accede al hammam privado y a la amplia sala de estar, con cocina totalmente equipada y la gran terraza panor\u00e1mica.","robots":{"index":"index","follow":"follow","max-snippet":"max-snippet:-1","max-image-preview":"max-image-preview:large","max-video-preview":"max-video-preview:-1"},"canonical":"https:\/\/www.palazzodellepietre.com\/es\/apartamentos\/la-corte-roof-terrace\/","og_locale":"es_ES","og_type":"article","og_title":"La Corte Rooftop Terrace - palazzo delle pietre -","og_description":"El segundo apartamento se desarrolla en dos niveles en el \u00e1tico, tiene una superficie de 120 metros cuadrados (1300 SF) y tiene capacidad para 6 personas. Consta de tres dormitorios dobles, uno con sof\u00e1 cama, convertible en estudio, y tres ba\u00f1os; a trav\u00e9s de una c\u00f3moda escalera de madera y acero dise\u00f1ada por el arquitecto Pappalardo, se accede al hammam privado y a la amplia sala de estar, con cocina totalmente equipada y la gran terraza panor\u00e1mica.","og_url":"https:\/\/www.palazzodellepietre.com\/es\/apartamentos\/la-corte-roof-terrace\/","og_site_name":"palazzo delle pietre","article_modified_time":"2025-10-16T12:42:03+00:00","twitter_card":"summary_large_image","schema":{"@context":"https:\/\/schema.org","@graph":[{"@type":"WebPage","@id":"https:\/\/www.palazzodellepietre.com\/es\/apartamentos\/la-corte-roof-terrace\/","url":"https:\/\/www.palazzodellepietre.com\/es\/apartamentos\/la-corte-roof-terrace\/","name":"La Corte Rooftop Terrace - palazzo delle pietre -","isPartOf":{"@id":"https:\/\/www.palazzodellepietre.com\/es\/#website"},"datePublished":"2023-09-14T13:11:25+00:00","dateModified":"2025-10-16T12:42:03+00:00","description":"El segundo apartamento se desarrolla en dos niveles en el \u00e1tico, tiene una superficie de 120 metros cuadrados (1300 SF) y tiene capacidad para 6 personas. Consta de tres dormitorios dobles, uno con sof\u00e1 cama, convertible en estudio, y tres ba\u00f1os; a trav\u00e9s de una c\u00f3moda escalera de madera y acero dise\u00f1ada por el arquitecto Pappalardo, se accede al hammam privado y a la amplia sala de estar, con cocina totalmente equipada y la gran terraza panor\u00e1mica.","breadcrumb":{"@id":"https:\/\/www.palazzodellepietre.com\/es\/apartamentos\/la-corte-roof-terrace\/#breadcrumb"},"inLanguage":"es","potentialAction":[{"@type":"ReadAction","target":["https:\/\/www.palazzodellepietre.com\/es\/apartamentos\/la-corte-roof-terrace\/"]}]},{"@type":"BreadcrumbList","@id":"https:\/\/www.palazzodellepietre.com\/es\/apartamentos\/la-corte-roof-terrace\/#breadcrumb","itemListElement":[{"@type":"ListItem","position":1,"name":"Portada","item":"https:\/\/www.palazzodellepietre.com\/es\/"},{"@type":"ListItem","position":2,"name":"Apartamentos","item":"https:\/\/www.palazzodellepietre.com\/es\/apartamentos\/"},{"@type":"ListItem","position":3,"name":"La Corte Rooftop Terrace"}]},{"@type":"WebSite","@id":"https:\/\/www.palazzodellepietre.com\/es\/#website","url":"https:\/\/www.palazzodellepietre.com\/es\/","name":"palazzo delle pietre","description":"Just another ms.decms.eu site","potentialAction":[{"@type":"SearchAction","target":{"@type":"EntryPoint","urlTemplate":"https:\/\/www.palazzodellepietre.com\/es\/?s={search_term_string}"},"query-input":{"@type":"PropertyValueSpecification","valueRequired":true,"valueName":"search_term_string"}}],"inLanguage":"es"}]}},"acf":[],"_links":{"self":[{"href":"https:\/\/www.palazzodellepietre.com\/es\/wp-json\/wp\/v2\/pages\/1888","targetHints":{"allow":["GET"]}}],"collection":[{"href":"https:\/\/www.palazzodellepietre.com\/es\/wp-json\/wp\/v2\/pages"}],"about":[{"href":"https:\/\/www.palazzodellepietre.com\/es\/wp-json\/wp\/v2\/types\/page"}],"author":[{"embeddable":true,"href":"https:\/\/www.palazzodellepietre.com\/es\/wp-json\/wp\/v2\/users\/252"}],"replies":[{"embeddable":true,"href":"https:\/\/www.palazzodellepietre.com\/es\/wp-json\/wp\/v2\/comments?post=1888"}],"version-history":[{"count":0,"href":"https:\/\/www.palazzodellepietre.com\/es\/wp-json\/wp\/v2\/pages\/1888\/revisions"}],"up":[{"embeddable":true,"href":"https:\/\/www.palazzodellepietre.com\/es\/wp-json\/wp\/v2\/pages\/1864"}],"wp:attachment":[{"href":"https:\/\/www.palazzodellepietre.com\/es\/wp-json\/wp\/v2\/media?parent=1888"}],"curies":[{"name":"wp","href":"https:\/\/api.w.org\/{rel}","templated":true}]}}