{"id":1890,"date":"2023-09-14T13:24:33","date_gmt":"2023-09-14T13:24:33","guid":{"rendered":"https:\/\/www.palazzodellepietre.com\/?page_id=1890"},"modified":"2023-09-21T10:24:38","modified_gmt":"2023-09-21T10:24:38","slug":"entrevista-a-carlo-mazzi","status":"publish","type":"page","link":"https:\/\/www.palazzodellepietre.com\/es\/el-palacio-historia\/entrevista-a-carlo-mazzi\/","title":{"rendered":"Entrevista a Carlo Mazzi"},"content":{"rendered":"","protected":false},"excerpt":{"rendered":"","protected":false},"author":38,"featured_media":0,"parent":1862,"menu_order":20,"comment_status":"closed","ping_status":"closed","template":"","meta":{"footnotes":""},"class_list":["post-1890","page","type-page","status-publish","hentry"],"yoast_head":"<!-- This site is optimized with the Yoast SEO plugin v26.9 - https:\/\/yoast.com\/product\/yoast-seo-wordpress\/ -->\n<title>Palazzo delle Pietre - prestigiosos apartamentos en Roma<\/title>\n<meta name=\"description\" content=\"P: Carlo, usted no es agente inmobiliario ni operador tur\u00edstico, entonces \u00bfpor qu\u00e9 emprendi\u00f3 esta iniciativa?  R: He desempe\u00f1ado funciones t\u00e9cnico-profesionales o directivas durante m\u00e1s de 45 a\u00f1os en diversos sectores empresariales: de la industria aeron\u00e1utica a los servicios financieros, de la universidad al cine, de la banca de inversi\u00f3n a la moda, pero antes de concluir mis experiencias laborales me gustar\u00eda dejar algo tangible para las generaciones siguientes y para la ciudad de Roma, que representa la fuente original de la cultura de cada italiano (y tambi\u00e9n de una gran parte de los pueblos). Tambi\u00e9n me gustar\u00eda poder desarrollar nuevas relaciones interpersonales con personas de todo el mundo: por eso he decidido establecer mi domicilio romano en el mismo edificio donde se encuentran los apartamentos para nuestros hu\u00e9spedes.  P:Sabemos que dise\u00f1aste cada detalle, cada apartamento, el hall y todas las \u00e1reas comunes: \u00bfcu\u00e1les fueron los pasos m\u00e1s importantes? La renovaci\u00f3n dur\u00f3 seis a\u00f1os: \u00bfpensaste en todos los detalles del proyecto desde el principio o modelaste la estructura a medida que iba tomando forma?  R: Al principio fue dif\u00edcil definir un proyecto completo porque el edificio hab\u00eda sido desfigurado en los \u00faltimos siglos por una serie de intervenciones sin respeto por su historia, al mismo tiempo hab\u00eda que tener en cuenta las limitaciones de la Superintendencia, las partes ocultas por ampliaciones salvajes, que ocultaban no s\u00f3lo artefactos antiguos sino tambi\u00e9n problemas estructurales: descubrimos habitaciones secretas, techos pintados cubiertos con papel tapiz, ep\u00edgrafes, esculturas y portales antiguos bajo el yeso, las dos ventanas redondas en el centro de la fachada oscurecidas por mamposter\u00eda. Hemos derribado muros falsos y varios vol\u00famenes ilegales, pero a la inversa, tambi\u00e9n en virtud de esto, hemos recibido una colaboraci\u00f3n activa de la Superintendencia de Patrimonio Cultural, que entre otras cosas quiso recuperar el color original de la fachada, encontrado bajo varias capas. de pinturas sucesivas: el azul polvoriento que hoy ha vuelto a caracterizar este edificio. Evidentemente nada de esto era predecible, y mucho menos programable a priori; al contrario, fue necesario proceder con cuidado remodelando el proyecto para incluir y mejorar cada nuevo descubrimiento\" \/>\n<meta name=\"robots\" content=\"index, follow, max-snippet:-1, max-image-preview:large, max-video-preview:-1\" \/>\n<link rel=\"canonical\" href=\"https:\/\/www.palazzodellepietre.com\/es\/el-palacio-historia\/entrevista-a-carlo-mazzi\/\" \/>\n<meta property=\"og:locale\" content=\"es_ES\" \/>\n<meta property=\"og:type\" content=\"article\" \/>\n<meta property=\"og:title\" content=\"Palazzo delle Pietre - prestigiosos apartamentos en Roma\" \/>\n<meta property=\"og:description\" content=\"P: Carlo, usted no es agente inmobiliario ni operador tur\u00edstico, entonces \u00bfpor qu\u00e9 emprendi\u00f3 esta iniciativa?  R: He desempe\u00f1ado funciones t\u00e9cnico-profesionales o directivas durante m\u00e1s de 45 a\u00f1os en diversos sectores empresariales: de la industria aeron\u00e1utica a los servicios financieros, de la universidad al cine, de la banca de inversi\u00f3n a la moda, pero antes de concluir mis experiencias laborales me gustar\u00eda dejar algo tangible para las generaciones siguientes y para la ciudad de Roma, que representa la fuente original de la cultura de cada italiano (y tambi\u00e9n de una gran parte de los pueblos). Tambi\u00e9n me gustar\u00eda poder desarrollar nuevas relaciones interpersonales con personas de todo el mundo: por eso he decidido establecer mi domicilio romano en el mismo edificio donde se encuentran los apartamentos para nuestros hu\u00e9spedes.  P:Sabemos que dise\u00f1aste cada detalle, cada apartamento, el hall y todas las \u00e1reas comunes: \u00bfcu\u00e1les fueron los pasos m\u00e1s importantes? La renovaci\u00f3n dur\u00f3 seis a\u00f1os: \u00bfpensaste en todos los detalles del proyecto desde el principio o modelaste la estructura a medida que iba tomando forma?  R: Al principio fue dif\u00edcil definir un proyecto completo porque el edificio hab\u00eda sido desfigurado en los \u00faltimos siglos por una serie de intervenciones sin respeto por su historia, al mismo tiempo hab\u00eda que tener en cuenta las limitaciones de la Superintendencia, las partes ocultas por ampliaciones salvajes, que ocultaban no s\u00f3lo artefactos antiguos sino tambi\u00e9n problemas estructurales: descubrimos habitaciones secretas, techos pintados cubiertos con papel tapiz, ep\u00edgrafes, esculturas y portales antiguos bajo el yeso, las dos ventanas redondas en el centro de la fachada oscurecidas por mamposter\u00eda. Hemos derribado muros falsos y varios vol\u00famenes ilegales, pero a la inversa, tambi\u00e9n en virtud de esto, hemos recibido una colaboraci\u00f3n activa de la Superintendencia de Patrimonio Cultural, que entre otras cosas quiso recuperar el color original de la fachada, encontrado bajo varias capas. de pinturas sucesivas: el azul polvoriento que hoy ha vuelto a caracterizar este edificio. Evidentemente nada de esto era predecible, y mucho menos programable a priori; al contrario, fue necesario proceder con cuidado remodelando el proyecto para incluir y mejorar cada nuevo descubrimiento\" \/>\n<meta property=\"og:url\" content=\"https:\/\/www.palazzodellepietre.com\/es\/el-palacio-historia\/entrevista-a-carlo-mazzi\/\" \/>\n<meta property=\"og:site_name\" content=\"palazzo delle pietre\" \/>\n<meta property=\"article:modified_time\" content=\"2023-09-21T10:24:38+00:00\" \/>\n<meta name=\"twitter:card\" content=\"summary_large_image\" \/>\n<script type=\"application\/ld+json\" class=\"yoast-schema-graph\">{\"@context\":\"https:\/\/schema.org\",\"@graph\":[{\"@type\":\"WebPage\",\"@id\":\"https:\/\/www.palazzodellepietre.com\/es\/el-palacio-historia\/entrevista-a-carlo-mazzi\/\",\"url\":\"https:\/\/www.palazzodellepietre.com\/es\/el-palacio-historia\/entrevista-a-carlo-mazzi\/\",\"name\":\"Palazzo delle Pietre - prestigiosos apartamentos en Roma\",\"isPartOf\":{\"@id\":\"https:\/\/www.palazzodellepietre.com\/es\/#website\"},\"datePublished\":\"2023-09-14T13:24:33+00:00\",\"dateModified\":\"2023-09-21T10:24:38+00:00\",\"description\":\"P: Carlo, usted no es agente inmobiliario ni operador tur\u00edstico, entonces \u00bfpor qu\u00e9 emprendi\u00f3 esta iniciativa? R: He desempe\u00f1ado funciones t\u00e9cnico-profesionales o directivas durante m\u00e1s de 45 a\u00f1os en diversos sectores empresariales: de la industria aeron\u00e1utica a los servicios financieros, de la universidad al cine, de la banca de inversi\u00f3n a la moda, pero antes de concluir mis experiencias laborales me gustar\u00eda dejar algo tangible para las generaciones siguientes y para la ciudad de Roma, que representa la fuente original de la cultura de cada italiano (y tambi\u00e9n de una gran parte de los pueblos). Tambi\u00e9n me gustar\u00eda poder desarrollar nuevas relaciones interpersonales con personas de todo el mundo: por eso he decidido establecer mi domicilio romano en el mismo edificio donde se encuentran los apartamentos para nuestros hu\u00e9spedes. P:Sabemos que dise\u00f1aste cada detalle, cada apartamento, el hall y todas las \u00e1reas comunes: \u00bfcu\u00e1les fueron los pasos m\u00e1s importantes? La renovaci\u00f3n dur\u00f3 seis a\u00f1os: \u00bfpensaste en todos los detalles del proyecto desde el principio o modelaste la estructura a medida que iba tomando forma? R: Al principio fue dif\u00edcil definir un proyecto completo porque el edificio hab\u00eda sido desfigurado en los \u00faltimos siglos por una serie de intervenciones sin respeto por su historia, al mismo tiempo hab\u00eda que tener en cuenta las limitaciones de la Superintendencia, las partes ocultas por ampliaciones salvajes, que ocultaban no s\u00f3lo artefactos antiguos sino tambi\u00e9n problemas estructurales: descubrimos habitaciones secretas, techos pintados cubiertos con papel tapiz, ep\u00edgrafes, esculturas y portales antiguos bajo el yeso, las dos ventanas redondas en el centro de la fachada oscurecidas por mamposter\u00eda. Hemos derribado muros falsos y varios vol\u00famenes ilegales, pero a la inversa, tambi\u00e9n en virtud de esto, hemos recibido una colaboraci\u00f3n activa de la Superintendencia de Patrimonio Cultural, que entre otras cosas quiso recuperar el color original de la fachada, encontrado bajo varias capas. de pinturas sucesivas: el azul polvoriento que hoy ha vuelto a caracterizar este edificio. Evidentemente nada de esto era predecible, y mucho menos programable a priori; al contrario, fue necesario proceder con cuidado remodelando el proyecto para incluir y mejorar cada nuevo descubrimiento\",\"breadcrumb\":{\"@id\":\"https:\/\/www.palazzodellepietre.com\/es\/el-palacio-historia\/entrevista-a-carlo-mazzi\/#breadcrumb\"},\"inLanguage\":\"es\",\"potentialAction\":[{\"@type\":\"ReadAction\",\"target\":[\"https:\/\/www.palazzodellepietre.com\/es\/el-palacio-historia\/entrevista-a-carlo-mazzi\/\"]}]},{\"@type\":\"BreadcrumbList\",\"@id\":\"https:\/\/www.palazzodellepietre.com\/es\/el-palacio-historia\/entrevista-a-carlo-mazzi\/#breadcrumb\",\"itemListElement\":[{\"@type\":\"ListItem\",\"position\":1,\"name\":\"Portada\",\"item\":\"https:\/\/www.palazzodellepietre.com\/es\/\"},{\"@type\":\"ListItem\",\"position\":2,\"name\":\"El Palacio\",\"item\":\"https:\/\/www.palazzodellepietre.com\/es\/el-palacio-historia\/\"},{\"@type\":\"ListItem\",\"position\":3,\"name\":\"Entrevista a Carlo Mazzi\"}]},{\"@type\":\"WebSite\",\"@id\":\"https:\/\/www.palazzodellepietre.com\/es\/#website\",\"url\":\"https:\/\/www.palazzodellepietre.com\/es\/\",\"name\":\"palazzo delle pietre\",\"description\":\"Just another ms.decms.eu site\",\"potentialAction\":[{\"@type\":\"SearchAction\",\"target\":{\"@type\":\"EntryPoint\",\"urlTemplate\":\"https:\/\/www.palazzodellepietre.com\/es\/?s={search_term_string}\"},\"query-input\":{\"@type\":\"PropertyValueSpecification\",\"valueRequired\":true,\"valueName\":\"search_term_string\"}}],\"inLanguage\":\"es\"}]}<\/script>\n<!-- \/ Yoast SEO plugin. -->","yoast_head_json":{"title":"Palazzo delle Pietre - prestigiosos apartamentos en Roma","description":"P: Carlo, usted no es agente inmobiliario ni operador tur\u00edstico, entonces \u00bfpor qu\u00e9 emprendi\u00f3 esta iniciativa?  R: He desempe\u00f1ado funciones t\u00e9cnico-profesionales o directivas durante m\u00e1s de 45 a\u00f1os en diversos sectores empresariales: de la industria aeron\u00e1utica a los servicios financieros, de la universidad al cine, de la banca de inversi\u00f3n a la moda, pero antes de concluir mis experiencias laborales me gustar\u00eda dejar algo tangible para las generaciones siguientes y para la ciudad de Roma, que representa la fuente original de la cultura de cada italiano (y tambi\u00e9n de una gran parte de los pueblos). Tambi\u00e9n me gustar\u00eda poder desarrollar nuevas relaciones interpersonales con personas de todo el mundo: por eso he decidido establecer mi domicilio romano en el mismo edificio donde se encuentran los apartamentos para nuestros hu\u00e9spedes.  P:Sabemos que dise\u00f1aste cada detalle, cada apartamento, el hall y todas las \u00e1reas comunes: \u00bfcu\u00e1les fueron los pasos m\u00e1s importantes? La renovaci\u00f3n dur\u00f3 seis a\u00f1os: \u00bfpensaste en todos los detalles del proyecto desde el principio o modelaste la estructura a medida que iba tomando forma?  R: Al principio fue dif\u00edcil definir un proyecto completo porque el edificio hab\u00eda sido desfigurado en los \u00faltimos siglos por una serie de intervenciones sin respeto por su historia, al mismo tiempo hab\u00eda que tener en cuenta las limitaciones de la Superintendencia, las partes ocultas por ampliaciones salvajes, que ocultaban no s\u00f3lo artefactos antiguos sino tambi\u00e9n problemas estructurales: descubrimos habitaciones secretas, techos pintados cubiertos con papel tapiz, ep\u00edgrafes, esculturas y portales antiguos bajo el yeso, las dos ventanas redondas en el centro de la fachada oscurecidas por mamposter\u00eda. Hemos derribado muros falsos y varios vol\u00famenes ilegales, pero a la inversa, tambi\u00e9n en virtud de esto, hemos recibido una colaboraci\u00f3n activa de la Superintendencia de Patrimonio Cultural, que entre otras cosas quiso recuperar el color original de la fachada, encontrado bajo varias capas. de pinturas sucesivas: el azul polvoriento que hoy ha vuelto a caracterizar este edificio. Evidentemente nada de esto era predecible, y mucho menos programable a priori; al contrario, fue necesario proceder con cuidado remodelando el proyecto para incluir y mejorar cada nuevo descubrimiento","robots":{"index":"index","follow":"follow","max-snippet":"max-snippet:-1","max-image-preview":"max-image-preview:large","max-video-preview":"max-video-preview:-1"},"canonical":"https:\/\/www.palazzodellepietre.com\/es\/el-palacio-historia\/entrevista-a-carlo-mazzi\/","og_locale":"es_ES","og_type":"article","og_title":"Palazzo delle Pietre - prestigiosos apartamentos en Roma","og_description":"P: Carlo, usted no es agente inmobiliario ni operador tur\u00edstico, entonces \u00bfpor qu\u00e9 emprendi\u00f3 esta iniciativa?  R: He desempe\u00f1ado funciones t\u00e9cnico-profesionales o directivas durante m\u00e1s de 45 a\u00f1os en diversos sectores empresariales: de la industria aeron\u00e1utica a los servicios financieros, de la universidad al cine, de la banca de inversi\u00f3n a la moda, pero antes de concluir mis experiencias laborales me gustar\u00eda dejar algo tangible para las generaciones siguientes y para la ciudad de Roma, que representa la fuente original de la cultura de cada italiano (y tambi\u00e9n de una gran parte de los pueblos). Tambi\u00e9n me gustar\u00eda poder desarrollar nuevas relaciones interpersonales con personas de todo el mundo: por eso he decidido establecer mi domicilio romano en el mismo edificio donde se encuentran los apartamentos para nuestros hu\u00e9spedes.  P:Sabemos que dise\u00f1aste cada detalle, cada apartamento, el hall y todas las \u00e1reas comunes: \u00bfcu\u00e1les fueron los pasos m\u00e1s importantes? La renovaci\u00f3n dur\u00f3 seis a\u00f1os: \u00bfpensaste en todos los detalles del proyecto desde el principio o modelaste la estructura a medida que iba tomando forma?  R: Al principio fue dif\u00edcil definir un proyecto completo porque el edificio hab\u00eda sido desfigurado en los \u00faltimos siglos por una serie de intervenciones sin respeto por su historia, al mismo tiempo hab\u00eda que tener en cuenta las limitaciones de la Superintendencia, las partes ocultas por ampliaciones salvajes, que ocultaban no s\u00f3lo artefactos antiguos sino tambi\u00e9n problemas estructurales: descubrimos habitaciones secretas, techos pintados cubiertos con papel tapiz, ep\u00edgrafes, esculturas y portales antiguos bajo el yeso, las dos ventanas redondas en el centro de la fachada oscurecidas por mamposter\u00eda. Hemos derribado muros falsos y varios vol\u00famenes ilegales, pero a la inversa, tambi\u00e9n en virtud de esto, hemos recibido una colaboraci\u00f3n activa de la Superintendencia de Patrimonio Cultural, que entre otras cosas quiso recuperar el color original de la fachada, encontrado bajo varias capas. de pinturas sucesivas: el azul polvoriento que hoy ha vuelto a caracterizar este edificio. Evidentemente nada de esto era predecible, y mucho menos programable a priori; al contrario, fue necesario proceder con cuidado remodelando el proyecto para incluir y mejorar cada nuevo descubrimiento","og_url":"https:\/\/www.palazzodellepietre.com\/es\/el-palacio-historia\/entrevista-a-carlo-mazzi\/","og_site_name":"palazzo delle pietre","article_modified_time":"2023-09-21T10:24:38+00:00","twitter_card":"summary_large_image","schema":{"@context":"https:\/\/schema.org","@graph":[{"@type":"WebPage","@id":"https:\/\/www.palazzodellepietre.com\/es\/el-palacio-historia\/entrevista-a-carlo-mazzi\/","url":"https:\/\/www.palazzodellepietre.com\/es\/el-palacio-historia\/entrevista-a-carlo-mazzi\/","name":"Palazzo delle Pietre - prestigiosos apartamentos en Roma","isPartOf":{"@id":"https:\/\/www.palazzodellepietre.com\/es\/#website"},"datePublished":"2023-09-14T13:24:33+00:00","dateModified":"2023-09-21T10:24:38+00:00","description":"P: Carlo, usted no es agente inmobiliario ni operador tur\u00edstico, entonces \u00bfpor qu\u00e9 emprendi\u00f3 esta iniciativa? R: He desempe\u00f1ado funciones t\u00e9cnico-profesionales o directivas durante m\u00e1s de 45 a\u00f1os en diversos sectores empresariales: de la industria aeron\u00e1utica a los servicios financieros, de la universidad al cine, de la banca de inversi\u00f3n a la moda, pero antes de concluir mis experiencias laborales me gustar\u00eda dejar algo tangible para las generaciones siguientes y para la ciudad de Roma, que representa la fuente original de la cultura de cada italiano (y tambi\u00e9n de una gran parte de los pueblos). Tambi\u00e9n me gustar\u00eda poder desarrollar nuevas relaciones interpersonales con personas de todo el mundo: por eso he decidido establecer mi domicilio romano en el mismo edificio donde se encuentran los apartamentos para nuestros hu\u00e9spedes. P:Sabemos que dise\u00f1aste cada detalle, cada apartamento, el hall y todas las \u00e1reas comunes: \u00bfcu\u00e1les fueron los pasos m\u00e1s importantes? La renovaci\u00f3n dur\u00f3 seis a\u00f1os: \u00bfpensaste en todos los detalles del proyecto desde el principio o modelaste la estructura a medida que iba tomando forma? R: Al principio fue dif\u00edcil definir un proyecto completo porque el edificio hab\u00eda sido desfigurado en los \u00faltimos siglos por una serie de intervenciones sin respeto por su historia, al mismo tiempo hab\u00eda que tener en cuenta las limitaciones de la Superintendencia, las partes ocultas por ampliaciones salvajes, que ocultaban no s\u00f3lo artefactos antiguos sino tambi\u00e9n problemas estructurales: descubrimos habitaciones secretas, techos pintados cubiertos con papel tapiz, ep\u00edgrafes, esculturas y portales antiguos bajo el yeso, las dos ventanas redondas en el centro de la fachada oscurecidas por mamposter\u00eda. Hemos derribado muros falsos y varios vol\u00famenes ilegales, pero a la inversa, tambi\u00e9n en virtud de esto, hemos recibido una colaboraci\u00f3n activa de la Superintendencia de Patrimonio Cultural, que entre otras cosas quiso recuperar el color original de la fachada, encontrado bajo varias capas. de pinturas sucesivas: el azul polvoriento que hoy ha vuelto a caracterizar este edificio. Evidentemente nada de esto era predecible, y mucho menos programable a priori; al contrario, fue necesario proceder con cuidado remodelando el proyecto para incluir y mejorar cada nuevo descubrimiento","breadcrumb":{"@id":"https:\/\/www.palazzodellepietre.com\/es\/el-palacio-historia\/entrevista-a-carlo-mazzi\/#breadcrumb"},"inLanguage":"es","potentialAction":[{"@type":"ReadAction","target":["https:\/\/www.palazzodellepietre.com\/es\/el-palacio-historia\/entrevista-a-carlo-mazzi\/"]}]},{"@type":"BreadcrumbList","@id":"https:\/\/www.palazzodellepietre.com\/es\/el-palacio-historia\/entrevista-a-carlo-mazzi\/#breadcrumb","itemListElement":[{"@type":"ListItem","position":1,"name":"Portada","item":"https:\/\/www.palazzodellepietre.com\/es\/"},{"@type":"ListItem","position":2,"name":"El Palacio","item":"https:\/\/www.palazzodellepietre.com\/es\/el-palacio-historia\/"},{"@type":"ListItem","position":3,"name":"Entrevista a Carlo Mazzi"}]},{"@type":"WebSite","@id":"https:\/\/www.palazzodellepietre.com\/es\/#website","url":"https:\/\/www.palazzodellepietre.com\/es\/","name":"palazzo delle pietre","description":"Just another ms.decms.eu site","potentialAction":[{"@type":"SearchAction","target":{"@type":"EntryPoint","urlTemplate":"https:\/\/www.palazzodellepietre.com\/es\/?s={search_term_string}"},"query-input":{"@type":"PropertyValueSpecification","valueRequired":true,"valueName":"search_term_string"}}],"inLanguage":"es"}]}},"acf":[],"_links":{"self":[{"href":"https:\/\/www.palazzodellepietre.com\/es\/wp-json\/wp\/v2\/pages\/1890","targetHints":{"allow":["GET"]}}],"collection":[{"href":"https:\/\/www.palazzodellepietre.com\/es\/wp-json\/wp\/v2\/pages"}],"about":[{"href":"https:\/\/www.palazzodellepietre.com\/es\/wp-json\/wp\/v2\/types\/page"}],"author":[{"embeddable":true,"href":"https:\/\/www.palazzodellepietre.com\/es\/wp-json\/wp\/v2\/users\/38"}],"replies":[{"embeddable":true,"href":"https:\/\/www.palazzodellepietre.com\/es\/wp-json\/wp\/v2\/comments?post=1890"}],"version-history":[{"count":0,"href":"https:\/\/www.palazzodellepietre.com\/es\/wp-json\/wp\/v2\/pages\/1890\/revisions"}],"up":[{"embeddable":true,"href":"https:\/\/www.palazzodellepietre.com\/es\/wp-json\/wp\/v2\/pages\/1862"}],"wp:attachment":[{"href":"https:\/\/www.palazzodellepietre.com\/es\/wp-json\/wp\/v2\/media?parent=1890"}],"curies":[{"name":"wp","href":"https:\/\/api.w.org\/{rel}","templated":true}]}}