{"id":1892,"date":"2023-09-14T13:34:08","date_gmt":"2023-09-14T13:34:08","guid":{"rendered":"https:\/\/www.palazzodellepietre.com\/?page_id=1892"},"modified":"2023-09-14T15:33:10","modified_gmt":"2023-09-14T15:33:10","slug":"hablan-de-nosotros","status":"publish","type":"page","link":"https:\/\/www.palazzodellepietre.com\/es\/el-palacio-historia\/hablan-de-nosotros\/","title":{"rendered":"Hablan de nosotros"},"content":{"rendered":"","protected":false},"excerpt":{"rendered":"","protected":false},"author":38,"featured_media":0,"parent":1862,"menu_order":30,"comment_status":"closed","ping_status":"closed","template":"template-press.php","meta":{"footnotes":""},"class_list":["post-1892","page","type-page","status-publish","hentry"],"yoast_head":"<!-- This site is optimized with the Yoast SEO plugin v26.9 - https:\/\/yoast.com\/product\/yoast-seo-wordpress\/ -->\n<title>Palazzo delle Pietre - prestigiosos apartamentos en Roma<\/title>\n<meta name=\"description\" content=\"El Palazzo delle Pietre es la realizaci\u00f3n del sue\u00f1o de la familia Mazzi: una exclusiva y encantadora residencia situada en el coraz\u00f3n de la Ciudad Eterna, en via delle Coppelle. Envuelto en una atm\u00f3sfera apagada y atemporal, el Palacio cuenta las vicisitudes de una historia antigua que tiene sus ra\u00edces en el lejano siglo XV, como lo demuestran los elementos originales repartidos por los elegantes espacios interiores\" \/>\n<meta name=\"robots\" content=\"index, follow, max-snippet:-1, max-image-preview:large, max-video-preview:-1\" \/>\n<link rel=\"canonical\" href=\"https:\/\/www.palazzodellepietre.com\/es\/el-palacio-historia\/hablan-de-nosotros\/\" \/>\n<meta property=\"og:locale\" content=\"es_ES\" \/>\n<meta property=\"og:type\" content=\"article\" \/>\n<meta property=\"og:title\" content=\"Palazzo delle Pietre - prestigiosos apartamentos en Roma\" \/>\n<meta property=\"og:description\" content=\"El Palazzo delle Pietre es la realizaci\u00f3n del sue\u00f1o de la familia Mazzi: una exclusiva y encantadora residencia situada en el coraz\u00f3n de la Ciudad Eterna, en via delle Coppelle. Envuelto en una atm\u00f3sfera apagada y atemporal, el Palacio cuenta las vicisitudes de una historia antigua que tiene sus ra\u00edces en el lejano siglo XV, como lo demuestran los elementos originales repartidos por los elegantes espacios interiores\" \/>\n<meta property=\"og:url\" content=\"https:\/\/www.palazzodellepietre.com\/es\/el-palacio-historia\/hablan-de-nosotros\/\" \/>\n<meta property=\"og:site_name\" content=\"palazzo delle pietre\" \/>\n<meta property=\"article:modified_time\" content=\"2023-09-14T15:33:10+00:00\" \/>\n<meta name=\"twitter:card\" content=\"summary_large_image\" \/>\n<script type=\"application\/ld+json\" class=\"yoast-schema-graph\">{\"@context\":\"https:\/\/schema.org\",\"@graph\":[{\"@type\":\"WebPage\",\"@id\":\"https:\/\/www.palazzodellepietre.com\/es\/el-palacio-historia\/hablan-de-nosotros\/\",\"url\":\"https:\/\/www.palazzodellepietre.com\/es\/el-palacio-historia\/hablan-de-nosotros\/\",\"name\":\"Palazzo delle Pietre - prestigiosos apartamentos en Roma\",\"isPartOf\":{\"@id\":\"https:\/\/www.palazzodellepietre.com\/es\/#website\"},\"datePublished\":\"2023-09-14T13:34:08+00:00\",\"dateModified\":\"2023-09-14T15:33:10+00:00\",\"description\":\"El Palazzo delle Pietre es la realizaci\u00f3n del sue\u00f1o de la familia Mazzi: una exclusiva y encantadora residencia situada en el coraz\u00f3n de la Ciudad Eterna, en via delle Coppelle. Envuelto en una atm\u00f3sfera apagada y atemporal, el Palacio cuenta las vicisitudes de una historia antigua que tiene sus ra\u00edces en el lejano siglo XV, como lo demuestran los elementos originales repartidos por los elegantes espacios interiores\",\"breadcrumb\":{\"@id\":\"https:\/\/www.palazzodellepietre.com\/es\/el-palacio-historia\/hablan-de-nosotros\/#breadcrumb\"},\"inLanguage\":\"es\",\"potentialAction\":[{\"@type\":\"ReadAction\",\"target\":[\"https:\/\/www.palazzodellepietre.com\/es\/el-palacio-historia\/hablan-de-nosotros\/\"]}]},{\"@type\":\"BreadcrumbList\",\"@id\":\"https:\/\/www.palazzodellepietre.com\/es\/el-palacio-historia\/hablan-de-nosotros\/#breadcrumb\",\"itemListElement\":[{\"@type\":\"ListItem\",\"position\":1,\"name\":\"Portada\",\"item\":\"https:\/\/www.palazzodellepietre.com\/es\/\"},{\"@type\":\"ListItem\",\"position\":2,\"name\":\"El Palacio\",\"item\":\"https:\/\/www.palazzodellepietre.com\/es\/el-palacio-historia\/\"},{\"@type\":\"ListItem\",\"position\":3,\"name\":\"Hablan de nosotros\"}]},{\"@type\":\"WebSite\",\"@id\":\"https:\/\/www.palazzodellepietre.com\/es\/#website\",\"url\":\"https:\/\/www.palazzodellepietre.com\/es\/\",\"name\":\"palazzo delle pietre\",\"description\":\"Just another ms.decms.eu site\",\"potentialAction\":[{\"@type\":\"SearchAction\",\"target\":{\"@type\":\"EntryPoint\",\"urlTemplate\":\"https:\/\/www.palazzodellepietre.com\/es\/?s={search_term_string}\"},\"query-input\":{\"@type\":\"PropertyValueSpecification\",\"valueRequired\":true,\"valueName\":\"search_term_string\"}}],\"inLanguage\":\"es\"}]}<\/script>\n<!-- \/ Yoast SEO plugin. -->","yoast_head_json":{"title":"Palazzo delle Pietre - prestigiosos apartamentos en Roma","description":"El Palazzo delle Pietre es la realizaci\u00f3n del sue\u00f1o de la familia Mazzi: una exclusiva y encantadora residencia situada en el coraz\u00f3n de la Ciudad Eterna, en via delle Coppelle. Envuelto en una atm\u00f3sfera apagada y atemporal, el Palacio cuenta las vicisitudes de una historia antigua que tiene sus ra\u00edces en el lejano siglo XV, como lo demuestran los elementos originales repartidos por los elegantes espacios interiores","robots":{"index":"index","follow":"follow","max-snippet":"max-snippet:-1","max-image-preview":"max-image-preview:large","max-video-preview":"max-video-preview:-1"},"canonical":"https:\/\/www.palazzodellepietre.com\/es\/el-palacio-historia\/hablan-de-nosotros\/","og_locale":"es_ES","og_type":"article","og_title":"Palazzo delle Pietre - prestigiosos apartamentos en Roma","og_description":"El Palazzo delle Pietre es la realizaci\u00f3n del sue\u00f1o de la familia Mazzi: una exclusiva y encantadora residencia situada en el coraz\u00f3n de la Ciudad Eterna, en via delle Coppelle. Envuelto en una atm\u00f3sfera apagada y atemporal, el Palacio cuenta las vicisitudes de una historia antigua que tiene sus ra\u00edces en el lejano siglo XV, como lo demuestran los elementos originales repartidos por los elegantes espacios interiores","og_url":"https:\/\/www.palazzodellepietre.com\/es\/el-palacio-historia\/hablan-de-nosotros\/","og_site_name":"palazzo delle pietre","article_modified_time":"2023-09-14T15:33:10+00:00","twitter_card":"summary_large_image","schema":{"@context":"https:\/\/schema.org","@graph":[{"@type":"WebPage","@id":"https:\/\/www.palazzodellepietre.com\/es\/el-palacio-historia\/hablan-de-nosotros\/","url":"https:\/\/www.palazzodellepietre.com\/es\/el-palacio-historia\/hablan-de-nosotros\/","name":"Palazzo delle Pietre - prestigiosos apartamentos en Roma","isPartOf":{"@id":"https:\/\/www.palazzodellepietre.com\/es\/#website"},"datePublished":"2023-09-14T13:34:08+00:00","dateModified":"2023-09-14T15:33:10+00:00","description":"El Palazzo delle Pietre es la realizaci\u00f3n del sue\u00f1o de la familia Mazzi: una exclusiva y encantadora residencia situada en el coraz\u00f3n de la Ciudad Eterna, en via delle Coppelle. Envuelto en una atm\u00f3sfera apagada y atemporal, el Palacio cuenta las vicisitudes de una historia antigua que tiene sus ra\u00edces en el lejano siglo XV, como lo demuestran los elementos originales repartidos por los elegantes espacios interiores","breadcrumb":{"@id":"https:\/\/www.palazzodellepietre.com\/es\/el-palacio-historia\/hablan-de-nosotros\/#breadcrumb"},"inLanguage":"es","potentialAction":[{"@type":"ReadAction","target":["https:\/\/www.palazzodellepietre.com\/es\/el-palacio-historia\/hablan-de-nosotros\/"]}]},{"@type":"BreadcrumbList","@id":"https:\/\/www.palazzodellepietre.com\/es\/el-palacio-historia\/hablan-de-nosotros\/#breadcrumb","itemListElement":[{"@type":"ListItem","position":1,"name":"Portada","item":"https:\/\/www.palazzodellepietre.com\/es\/"},{"@type":"ListItem","position":2,"name":"El Palacio","item":"https:\/\/www.palazzodellepietre.com\/es\/el-palacio-historia\/"},{"@type":"ListItem","position":3,"name":"Hablan de nosotros"}]},{"@type":"WebSite","@id":"https:\/\/www.palazzodellepietre.com\/es\/#website","url":"https:\/\/www.palazzodellepietre.com\/es\/","name":"palazzo delle pietre","description":"Just another ms.decms.eu site","potentialAction":[{"@type":"SearchAction","target":{"@type":"EntryPoint","urlTemplate":"https:\/\/www.palazzodellepietre.com\/es\/?s={search_term_string}"},"query-input":{"@type":"PropertyValueSpecification","valueRequired":true,"valueName":"search_term_string"}}],"inLanguage":"es"}]}},"acf":[],"_links":{"self":[{"href":"https:\/\/www.palazzodellepietre.com\/es\/wp-json\/wp\/v2\/pages\/1892","targetHints":{"allow":["GET"]}}],"collection":[{"href":"https:\/\/www.palazzodellepietre.com\/es\/wp-json\/wp\/v2\/pages"}],"about":[{"href":"https:\/\/www.palazzodellepietre.com\/es\/wp-json\/wp\/v2\/types\/page"}],"author":[{"embeddable":true,"href":"https:\/\/www.palazzodellepietre.com\/es\/wp-json\/wp\/v2\/users\/38"}],"replies":[{"embeddable":true,"href":"https:\/\/www.palazzodellepietre.com\/es\/wp-json\/wp\/v2\/comments?post=1892"}],"version-history":[{"count":0,"href":"https:\/\/www.palazzodellepietre.com\/es\/wp-json\/wp\/v2\/pages\/1892\/revisions"}],"up":[{"embeddable":true,"href":"https:\/\/www.palazzodellepietre.com\/es\/wp-json\/wp\/v2\/pages\/1862"}],"wp:attachment":[{"href":"https:\/\/www.palazzodellepietre.com\/es\/wp-json\/wp\/v2\/media?parent=1892"}],"curies":[{"name":"wp","href":"https:\/\/api.w.org\/{rel}","templated":true}]}}