{"id":2270,"date":"2025-05-19T08:45:06","date_gmt":"2025-05-19T08:45:06","guid":{"rendered":"https:\/\/www.palazzodellepietre.com\/?page_id=2270"},"modified":"2026-03-27T11:01:53","modified_gmt":"2026-03-27T11:01:53","slug":"2270-2","status":"publish","type":"page","link":"https:\/\/www.palazzodellepietre.com\/es\/2270-2\/","title":{"rendered":"Experiencias exclusivas creadas para usted"},"content":{"rendered":"","protected":false},"excerpt":{"rendered":"","protected":false},"author":513,"featured_media":2186,"parent":0,"menu_order":10,"comment_status":"closed","ping_status":"closed","template":"","meta":{"footnotes":""},"class_list":["post-2270","page","type-page","status-publish","has-post-thumbnail","hentry"],"yoast_head":"<!-- This site is optimized with the Yoast SEO plugin v26.9 - https:\/\/yoast.com\/product\/yoast-seo-wordpress\/ -->\n<title>Experiencias exclusivas creadas para usted - palazzo delle pietre -<\/title>\n<meta name=\"description\" content=\"Los hu\u00e9spedes de Palazzo delle Pietre son recibidos por FraMmenti como miembros de un Club exclusivo, al que se les ofrece una cuidada selecci\u00f3n de experiencias \u00fanicas y servicios personalizados que enriquecen cada instante vivido en el Palazzo. FraMmenti dedica su atenci\u00f3n con esmero a cada residente, poniendo a su disposici\u00f3n todo su saber hacer a trav\u00e9s del equipo de Recepci\u00f3n del Palazzo, disponible las 24 horas del d\u00eda, para responder con discreci\u00f3n y eficiencia a cualquier necesidad de los hu\u00e9spedes..\" \/>\n<meta name=\"robots\" content=\"index, follow, max-snippet:-1, max-image-preview:large, max-video-preview:-1\" \/>\n<link rel=\"canonical\" href=\"https:\/\/www.palazzodellepietre.com\/es\/2270-2\/\" \/>\n<meta property=\"og:locale\" content=\"es_ES\" \/>\n<meta property=\"og:type\" content=\"article\" \/>\n<meta property=\"og:title\" content=\"Experiencias exclusivas creadas para usted - palazzo delle pietre -\" \/>\n<meta property=\"og:description\" content=\"Los hu\u00e9spedes de Palazzo delle Pietre son recibidos por FraMmenti como miembros de un Club exclusivo, al que se les ofrece una cuidada selecci\u00f3n de experiencias \u00fanicas y servicios personalizados que enriquecen cada instante vivido en el Palazzo. FraMmenti dedica su atenci\u00f3n con esmero a cada residente, poniendo a su disposici\u00f3n todo su saber hacer a trav\u00e9s del equipo de Recepci\u00f3n del Palazzo, disponible las 24 horas del d\u00eda, para responder con discreci\u00f3n y eficiencia a cualquier necesidad de los hu\u00e9spedes..\" \/>\n<meta property=\"og:url\" content=\"https:\/\/www.palazzodellepietre.com\/es\/2270-2\/\" \/>\n<meta property=\"og:site_name\" content=\"palazzo delle pietre\" \/>\n<meta property=\"article:modified_time\" content=\"2026-03-27T11:01:53+00:00\" \/>\n<meta property=\"og:image\" content=\"https:\/\/www.palazzodellepietre.com\/wp-content\/uploads\/sites\/452\/2025\/05\/PDP_SPAZI_COMUNI_3095_web.jpg\" \/>\n\t<meta property=\"og:image:width\" content=\"2500\" \/>\n\t<meta property=\"og:image:height\" content=\"1667\" \/>\n\t<meta property=\"og:image:type\" content=\"image\/jpeg\" \/>\n<meta name=\"twitter:card\" content=\"summary_large_image\" \/>\n<script type=\"application\/ld+json\" class=\"yoast-schema-graph\">{\"@context\":\"https:\/\/schema.org\",\"@graph\":[{\"@type\":\"WebPage\",\"@id\":\"https:\/\/www.palazzodellepietre.com\/es\/2270-2\/\",\"url\":\"https:\/\/www.palazzodellepietre.com\/es\/2270-2\/\",\"name\":\"Experiencias exclusivas creadas para usted - palazzo delle pietre -\",\"isPartOf\":{\"@id\":\"https:\/\/www.palazzodellepietre.com\/es\/#website\"},\"primaryImageOfPage\":{\"@id\":\"https:\/\/www.palazzodellepietre.com\/es\/2270-2\/#primaryimage\"},\"image\":{\"@id\":\"https:\/\/www.palazzodellepietre.com\/es\/2270-2\/#primaryimage\"},\"thumbnailUrl\":\"https:\/\/www.palazzodellepietre.com\/wp-content\/uploads\/sites\/452\/2025\/05\/PDP_SPAZI_COMUNI_3095_web.jpg\",\"datePublished\":\"2025-05-19T08:45:06+00:00\",\"dateModified\":\"2026-03-27T11:01:53+00:00\",\"description\":\"Los hu\u00e9spedes de Palazzo delle Pietre son recibidos por FraMmenti como miembros de un Club exclusivo, al que se les ofrece una cuidada selecci\u00f3n de experiencias \u00fanicas y servicios personalizados que enriquecen cada instante vivido en el Palazzo. FraMmenti dedica su atenci\u00f3n con esmero a cada residente, poniendo a su disposici\u00f3n todo su saber hacer a trav\u00e9s del equipo de Recepci\u00f3n del Palazzo, disponible las 24 horas del d\u00eda, para responder con discreci\u00f3n y eficiencia a cualquier necesidad de los hu\u00e9spedes. .\",\"breadcrumb\":{\"@id\":\"https:\/\/www.palazzodellepietre.com\/es\/2270-2\/#breadcrumb\"},\"inLanguage\":\"es\",\"potentialAction\":[{\"@type\":\"ReadAction\",\"target\":[\"https:\/\/www.palazzodellepietre.com\/es\/2270-2\/\"]}]},{\"@type\":\"ImageObject\",\"inLanguage\":\"es\",\"@id\":\"https:\/\/www.palazzodellepietre.com\/es\/2270-2\/#primaryimage\",\"url\":\"https:\/\/www.palazzodellepietre.com\/wp-content\/uploads\/sites\/452\/2025\/05\/PDP_SPAZI_COMUNI_3095_web.jpg\",\"contentUrl\":\"https:\/\/www.palazzodellepietre.com\/wp-content\/uploads\/sites\/452\/2025\/05\/PDP_SPAZI_COMUNI_3095_web.jpg\",\"width\":2500,\"height\":1667},{\"@type\":\"BreadcrumbList\",\"@id\":\"https:\/\/www.palazzodellepietre.com\/es\/2270-2\/#breadcrumb\",\"itemListElement\":[{\"@type\":\"ListItem\",\"position\":1,\"name\":\"Portada\",\"item\":\"https:\/\/www.palazzodellepietre.com\/es\/\"},{\"@type\":\"ListItem\",\"position\":2,\"name\":\"Experiencias exclusivas creadas para usted\"}]},{\"@type\":\"WebSite\",\"@id\":\"https:\/\/www.palazzodellepietre.com\/es\/#website\",\"url\":\"https:\/\/www.palazzodellepietre.com\/es\/\",\"name\":\"palazzo delle pietre\",\"description\":\"Just another ms.decms.eu site\",\"potentialAction\":[{\"@type\":\"SearchAction\",\"target\":{\"@type\":\"EntryPoint\",\"urlTemplate\":\"https:\/\/www.palazzodellepietre.com\/es\/?s={search_term_string}\"},\"query-input\":{\"@type\":\"PropertyValueSpecification\",\"valueRequired\":true,\"valueName\":\"search_term_string\"}}],\"inLanguage\":\"es\"}]}<\/script>\n<!-- \/ Yoast SEO plugin. -->","yoast_head_json":{"title":"Experiencias exclusivas creadas para usted - palazzo delle pietre -","description":"Los hu\u00e9spedes de Palazzo delle Pietre son recibidos por FraMmenti como miembros de un Club exclusivo, al que se les ofrece una cuidada selecci\u00f3n de experiencias \u00fanicas y servicios personalizados que enriquecen cada instante vivido en el Palazzo. FraMmenti dedica su atenci\u00f3n con esmero a cada residente, poniendo a su disposici\u00f3n todo su saber hacer a trav\u00e9s del equipo de Recepci\u00f3n del Palazzo, disponible las 24 horas del d\u00eda, para responder con discreci\u00f3n y eficiencia a cualquier necesidad de los hu\u00e9spedes..","robots":{"index":"index","follow":"follow","max-snippet":"max-snippet:-1","max-image-preview":"max-image-preview:large","max-video-preview":"max-video-preview:-1"},"canonical":"https:\/\/www.palazzodellepietre.com\/es\/2270-2\/","og_locale":"es_ES","og_type":"article","og_title":"Experiencias exclusivas creadas para usted - palazzo delle pietre -","og_description":"Los hu\u00e9spedes de Palazzo delle Pietre son recibidos por FraMmenti como miembros de un Club exclusivo, al que se les ofrece una cuidada selecci\u00f3n de experiencias \u00fanicas y servicios personalizados que enriquecen cada instante vivido en el Palazzo. FraMmenti dedica su atenci\u00f3n con esmero a cada residente, poniendo a su disposici\u00f3n todo su saber hacer a trav\u00e9s del equipo de Recepci\u00f3n del Palazzo, disponible las 24 horas del d\u00eda, para responder con discreci\u00f3n y eficiencia a cualquier necesidad de los hu\u00e9spedes..","og_url":"https:\/\/www.palazzodellepietre.com\/es\/2270-2\/","og_site_name":"palazzo delle pietre","article_modified_time":"2026-03-27T11:01:53+00:00","og_image":[{"width":2500,"height":1667,"url":"https:\/\/www.palazzodellepietre.com\/wp-content\/uploads\/sites\/452\/2025\/05\/PDP_SPAZI_COMUNI_3095_web.jpg","type":"image\/jpeg"}],"twitter_card":"summary_large_image","schema":{"@context":"https:\/\/schema.org","@graph":[{"@type":"WebPage","@id":"https:\/\/www.palazzodellepietre.com\/es\/2270-2\/","url":"https:\/\/www.palazzodellepietre.com\/es\/2270-2\/","name":"Experiencias exclusivas creadas para usted - palazzo delle pietre -","isPartOf":{"@id":"https:\/\/www.palazzodellepietre.com\/es\/#website"},"primaryImageOfPage":{"@id":"https:\/\/www.palazzodellepietre.com\/es\/2270-2\/#primaryimage"},"image":{"@id":"https:\/\/www.palazzodellepietre.com\/es\/2270-2\/#primaryimage"},"thumbnailUrl":"https:\/\/www.palazzodellepietre.com\/wp-content\/uploads\/sites\/452\/2025\/05\/PDP_SPAZI_COMUNI_3095_web.jpg","datePublished":"2025-05-19T08:45:06+00:00","dateModified":"2026-03-27T11:01:53+00:00","description":"Los hu\u00e9spedes de Palazzo delle Pietre son recibidos por FraMmenti como miembros de un Club exclusivo, al que se les ofrece una cuidada selecci\u00f3n de experiencias \u00fanicas y servicios personalizados que enriquecen cada instante vivido en el Palazzo. FraMmenti dedica su atenci\u00f3n con esmero a cada residente, poniendo a su disposici\u00f3n todo su saber hacer a trav\u00e9s del equipo de Recepci\u00f3n del Palazzo, disponible las 24 horas del d\u00eda, para responder con discreci\u00f3n y eficiencia a cualquier necesidad de los hu\u00e9spedes. .","breadcrumb":{"@id":"https:\/\/www.palazzodellepietre.com\/es\/2270-2\/#breadcrumb"},"inLanguage":"es","potentialAction":[{"@type":"ReadAction","target":["https:\/\/www.palazzodellepietre.com\/es\/2270-2\/"]}]},{"@type":"ImageObject","inLanguage":"es","@id":"https:\/\/www.palazzodellepietre.com\/es\/2270-2\/#primaryimage","url":"https:\/\/www.palazzodellepietre.com\/wp-content\/uploads\/sites\/452\/2025\/05\/PDP_SPAZI_COMUNI_3095_web.jpg","contentUrl":"https:\/\/www.palazzodellepietre.com\/wp-content\/uploads\/sites\/452\/2025\/05\/PDP_SPAZI_COMUNI_3095_web.jpg","width":2500,"height":1667},{"@type":"BreadcrumbList","@id":"https:\/\/www.palazzodellepietre.com\/es\/2270-2\/#breadcrumb","itemListElement":[{"@type":"ListItem","position":1,"name":"Portada","item":"https:\/\/www.palazzodellepietre.com\/es\/"},{"@type":"ListItem","position":2,"name":"Experiencias exclusivas creadas para usted"}]},{"@type":"WebSite","@id":"https:\/\/www.palazzodellepietre.com\/es\/#website","url":"https:\/\/www.palazzodellepietre.com\/es\/","name":"palazzo delle pietre","description":"Just another ms.decms.eu site","potentialAction":[{"@type":"SearchAction","target":{"@type":"EntryPoint","urlTemplate":"https:\/\/www.palazzodellepietre.com\/es\/?s={search_term_string}"},"query-input":{"@type":"PropertyValueSpecification","valueRequired":true,"valueName":"search_term_string"}}],"inLanguage":"es"}]}},"acf":[],"_links":{"self":[{"href":"https:\/\/www.palazzodellepietre.com\/es\/wp-json\/wp\/v2\/pages\/2270","targetHints":{"allow":["GET"]}}],"collection":[{"href":"https:\/\/www.palazzodellepietre.com\/es\/wp-json\/wp\/v2\/pages"}],"about":[{"href":"https:\/\/www.palazzodellepietre.com\/es\/wp-json\/wp\/v2\/types\/page"}],"author":[{"embeddable":true,"href":"https:\/\/www.palazzodellepietre.com\/es\/wp-json\/wp\/v2\/users\/513"}],"replies":[{"embeddable":true,"href":"https:\/\/www.palazzodellepietre.com\/es\/wp-json\/wp\/v2\/comments?post=2270"}],"version-history":[{"count":0,"href":"https:\/\/www.palazzodellepietre.com\/es\/wp-json\/wp\/v2\/pages\/2270\/revisions"}],"wp:featuredmedia":[{"embeddable":true,"href":"https:\/\/www.palazzodellepietre.com\/es\/wp-json\/wp\/v2\/media\/2186"}],"wp:attachment":[{"href":"https:\/\/www.palazzodellepietre.com\/es\/wp-json\/wp\/v2\/media?parent=2270"}],"curies":[{"name":"wp","href":"https:\/\/api.w.org\/{rel}","templated":true}]}}